{"id":3,"date":"2011-12-12T10:11:57","date_gmt":"2011-12-12T10:11:57","guid":{"rendered":"http:\/\/comsalud.zeus.umh.es\/presentacion\/"},"modified":"2012-07-05T11:17:21","modified_gmt":"2012-07-05T11:17:21","slug":"presentacion","status":"publish","type":"page","link":"https:\/\/comsalud.umh.es\/ca\/","title":{"rendered":"Presentaci\u00f3"},"content":{"rendered":"<p><\/p>\n<p><a href=\"https:\/\/comsalud.umh.es\/files\/2011\/12\/Imagen2.jpg\"><img loading=\"lazy\" class=\"size-medium wp-image-39 alignleft\" title=\"Imagen2\" src=\"https:\/\/comsalud.umh.es\/files\/2011\/12\/Imagen2-300x225.jpg\" alt=\"\" width=\"300\" height=\"225\" srcset=\"https:\/\/comsalud.umh.es\/files\/2011\/12\/Imagen2-300x225.jpg 300w, https:\/\/comsalud.umh.es\/files\/2011\/12\/Imagen2.jpg 402w\" sizes=\"(max-width: 300px) 100vw, 300px\" \/><\/a>Aquest grup est\u00e0 integrat per investigadors adscrits al departament de Psicologia de la Salut de la Universitat Miguel Hern\u00e1ndez. Aquests investigadors tenen formaci\u00f3 multidisciplin\u00e0ria relacionada amb les ci\u00e8ncies de la conducta. L&#8217;inter\u00e8s de formar aquest grup sorgeix per donar resposta a les dificultats de comunicaci\u00f3 que els professionals de la salut troben en la interacci\u00f3 di\u00e0ria amb els pacients i els seus familiars en els diferents context sanitaris.<\/p>\n<p>Els objectius generals del grup s\u00f3n:<\/p>\n<p>-Detectar i analitzar les variables que influeixen en el proc\u00e9s de comunicaci\u00f3 entre els professionals de la salut i els pacients i familiars.<br \/>\n-Construcci\u00f3 de q\u00fcestionaris per analitzar les variables que influeixen en el proc\u00e9s de comunicaci\u00f3<br \/>\n-Dissenyar programes d&#8217;entrenament en habilitats de comunicaci\u00f3 adre\u00e7at a professionals de la salut<br \/>\n-Investigar en la s\u00edndrome del burnout dels professionals de la salut<br \/>\n-Desenvolupar i aprofundir l\u00ednies d&#8217;investigaci\u00f3 que permetin millorar les habilitats de comunicaci\u00f3 en els professionals de la salut.<\/p>\n<p><\/p>","protected":false},"excerpt":{"rendered":"<p>Aquest grup est\u00e0 integrat per investigadors adscrits al departament de Psicologia de la Salut de la Universitat Miguel Hern\u00e1ndez. Aquests investigadors tenen formaci\u00f3 multidisciplin\u00e0ria relacionada amb les ci\u00e8ncies de la conducta. L&#8217;inter\u00e8s de formar aquest grup sorgeix per donar resposta a les dificultats de comunicaci\u00f3 que els professionals de la salut troben en la interacci\u00f3 [&#8230;]<\/p>\n","protected":false},"author":1,"featured_media":0,"parent":0,"menu_order":0,"comment_status":"closed","ping_status":"open","template":"","meta":{"_links_to":"","_links_to_target":""},"_links":{"self":[{"href":"https:\/\/comsalud.umh.es\/ca\/wp-json\/wp\/v2\/pages\/3"}],"collection":[{"href":"https:\/\/comsalud.umh.es\/ca\/wp-json\/wp\/v2\/pages"}],"about":[{"href":"https:\/\/comsalud.umh.es\/ca\/wp-json\/wp\/v2\/types\/page"}],"author":[{"embeddable":true,"href":"https:\/\/comsalud.umh.es\/ca\/wp-json\/wp\/v2\/users\/1"}],"replies":[{"embeddable":true,"href":"https:\/\/comsalud.umh.es\/ca\/wp-json\/wp\/v2\/comments?post=3"}],"version-history":[{"count":0,"href":"https:\/\/comsalud.umh.es\/ca\/wp-json\/wp\/v2\/pages\/3\/revisions"}],"wp:attachment":[{"href":"https:\/\/comsalud.umh.es\/ca\/wp-json\/wp\/v2\/media?parent=3"}],"curies":[{"name":"wp","href":"https:\/\/api.w.org\/{rel}","templated":true}]}}