{"id":7,"date":"2011-12-12T14:11:33","date_gmt":"2011-12-12T14:11:33","guid":{"rendered":"http:\/\/comsalud.zeus.umh.es\/publicaciones\/"},"modified":"2016-09-06T09:54:29","modified_gmt":"2016-09-06T07:54:29","slug":"publicaciones","status":"publish","type":"page","link":"https:\/\/comsalud.umh.es\/ca\/publicaciones\/","title":{"rendered":"Publicaciones"},"content":{"rendered":"<p><\/p>\n<p><p><strong><span style=\"color: #008000\"><a href=\"https:\/\/comsalud.umh.es\/files\/2011\/12\/Imagenluna2.jpg\"><img loading=\"lazy\" class=\"alignright size-medium wp-image-51\" title=\"Imagenluna\" src=\"https:\/\/comsalud.umh.es\/files\/2011\/12\/Imagenluna2-81x300.jpg\" alt=\"\" width=\"81\" height=\"300\" \/><\/a>ART\u00cdCLES<\/span><\/strong><\/p>\n<p>-Van-der Hofstadt, C. (2011).\u00a0La formaci\u00f3n en comunicaci\u00f3n personal: del arte a la t\u00e9cnica y volver a empezar. <em>Revista Espa\u00f1ola de Comunicaci\u00f3n en Salud, 2<\/em>(1), 62-66.\u00a0 <a href=\"http:\/\/www.aecs.es\/2_1_8.pdf\"><strong>Ir<\/strong><\/a><\/p>\n<p>&#8211; Leal Costa, C., Luj\u00e1n Cebri\u00e1n, I., Gasc\u00f3n Garc\u00eda, J., Ferrer Villalonga, L., y Van-der Hofstadt Rom\u00e1n, C.J. (2010). Habilidades sociales en los profesionales deurgencias y cuidados cr\u00edticos de un hospital p\u00fablico comarcal. En<em>fermer\u00eda intensiva, 2<\/em>1(4), 136-141.<\/p>\n<p>-Van-der Hofstadt Rom\u00e1n, C.J., y Navarro Cremades, F. (2004). Las habilidades de comunicaci\u00f3n como elemento b\u00e1sico en la formaci\u00f3n del m\u00e9dico. <em>Semergen, 30<\/em>(11),552-556. <a href=\"http:\/\/www.elsevier.es\/es\/revistas\/semergen-medicina-general--familia-40\/las-habilidades-comunicacion-como-elemento-basico-formacion-13069106-formacion-continuada-2004\"><strong>Ir<\/strong><\/a><\/p>\n<p>-van-der Hofstadt, CJ (2001). C\u00f3mo mejorar tus habilidades de comunicaci\u00f3n personal. <em>Empresa Avanzada,<\/em> 11: 33-35.<\/p>\n<p>-van-der Hofstadt, CJ (2000). Presentaci\u00f3n de informaci\u00f3n en p\u00fablico. <em>Revista Valenciana de Medicina de Familia, <\/em>\u00a07: 53-58. <a href=\"http:\/\/www.ccee.edu.uy\/ensenian\/catcomp\/material\/infpub.pdf\"><strong>Ir<\/strong><\/a><\/p>\n<p>-Tirado Gonz\u00e1lez, S., Neipp L\u00f3pez, M. C., Quiles Marcos, Y. y Rodr\u00edguez-Mar\u00edn, J. (in press).\u00a0Development and validation of the theory of planned behaviour questionnaire in physical activity. <em>Spanish Journal of Psychology<\/em>.<\/p>\n<p><strong>&#8212;&#8212;&#8212;&#8212;&#8212;&#8212;&#8212;&#8212;&#8212;&#8212;&#8212;&#8212;&#8212;&#8212;&#8212;&#8212;&#8212;&#8212;&#8212;<\/strong><\/p>\n<p><strong><span style=\"color: #008000\">LLIBRES<\/span><\/strong><\/p>\n<p>-Rodr\u00edguez-Mar\u00edn, J. y Neipp, M.C. (2008). Manual de Psicolog\u00eda de la Salud. Madrid: S\u00edntesis.<\/p>\n<p>-van-der Hofstadt, C.J., Quiles, Y. y Quiles, M.J. (2006). <em>T\u00e9cnicas de comunicaci\u00f3n para profesionales de enfermer\u00eda<\/em>. Valencia: Conseller\u00eda de Sanidad. 152 p\u00e1ginas. ISBN: 84-482-4228-9.<\/p>\n<p>\u00a0-van-der Hofstadt, C.J. (2005). <em>El libro de las habilidades de comunicaci\u00f3n<\/em>. Madrid: D\u00edaz de Santos. 2\u00aa Edici\u00f3n. 234 p\u00e1ginas. ISBN: 84-7978-690-6.\u00a0 <a href=\"http:\/\/books.google.es\/books?id=7ldQbFzhRBkC&amp;printsec=frontcover&amp;dq=inauthor:%22Carlos+J.+van-der+Hofstadt+Rom%C3%A1n%22&amp;hl=es&amp;vq=%22Habilidades+de+comunicaci%C3%B3n+aplicadas%22&amp;source=gbs_citations_module_r&amp;cad=3#v=onepage&amp;q=%22Habilidades%20de%20comunicaci%C3%B3n%20aplicadas%22&amp;f=false\"><strong>Ir<\/strong><\/a><\/p>\n<p>\u00a0-van-der Hofstadt, C.J. y Estevez, C. (2004). <em>La comunicaci\u00f3n en la atenci\u00f3n Sanitaria.<\/em> Quaderns de salud p\u00fablica i administraci\u00f3 de serveis de salut, 24. Valencia: Escuela Valenciana de Estudios de la Salud. 25 p\u00e1ginas. ISBN: 84-482-3822-2.<\/p>\n<p>-van-der Hofstadt, C.J. (2003). <em>El libro de las habilidades de comunicaci\u00f3n<\/em>. Madrid: D\u00edaz de Santos. 231 p\u00e1ginas. ISBN: 84-7978-575-6.<\/p>\n<p>-van-der Hofstadt, C.J. (1999). <em>Habilidades de comunicaci\u00f3n aplicadas. (Gu\u00eda para la mejora de las habilidades de comunicaci\u00f3n personal).<\/em> Valencia: Promolibro. 185 p\u00e1ginas. ISBN: 84-7986-336-6.<\/p>\n<\/p>\n<p><\/p>","protected":false},"excerpt":{"rendered":"<p>ART\u00cdCLES<br \/>\n-Van-der Hofstadt, C. (2011).\u00a0La formaci\u00f3n en comunicaci\u00f3n personal: del arte a la t\u00e9cnica y volver a empezar. Revista Espa\u00f1ola de Comunicaci\u00f3n en Salud, 2(1), 62-66.\u00a0 Ir<br \/>\n&#8211; Leal Costa, C., Luj\u00e1n Cebri\u00e1n, I., Gasc\u00f3n Garc\u00eda, J., Ferrer Villalonga, L., y Van-der Hofstadt Rom\u00e1n, C.J. (2010). Habilidades sociales en los profesionales deurgencias y cuidados cr\u00edticos de un [&#8230;]<\/p>\n","protected":false},"author":38,"featured_media":0,"parent":0,"menu_order":2,"comment_status":"closed","ping_status":"open","template":"page-without-sidebar.php","meta":{"_links_to":"","_links_to_target":""},"_links":{"self":[{"href":"https:\/\/comsalud.umh.es\/ca\/wp-json\/wp\/v2\/pages\/7"}],"collection":[{"href":"https:\/\/comsalud.umh.es\/ca\/wp-json\/wp\/v2\/pages"}],"about":[{"href":"https:\/\/comsalud.umh.es\/ca\/wp-json\/wp\/v2\/types\/page"}],"author":[{"embeddable":true,"href":"https:\/\/comsalud.umh.es\/ca\/wp-json\/wp\/v2\/users\/38"}],"replies":[{"embeddable":true,"href":"https:\/\/comsalud.umh.es\/ca\/wp-json\/wp\/v2\/comments?post=7"}],"version-history":[{"count":0,"href":"https:\/\/comsalud.umh.es\/ca\/wp-json\/wp\/v2\/pages\/7\/revisions"}],"wp:attachment":[{"href":"https:\/\/comsalud.umh.es\/ca\/wp-json\/wp\/v2\/media?parent=7"}],"curies":[{"name":"wp","href":"https:\/\/api.w.org\/{rel}","templated":true}]}}